{"id":242,"date":"2014-02-10T21:52:57","date_gmt":"2014-02-10T20:52:57","guid":{"rendered":"http:\/\/toptecbenelux.com\/?page_id=242"},"modified":"2014-02-10T21:52:57","modified_gmt":"2014-02-10T20:52:57","slug":"achat-robots-equipement","status":"publish","type":"page","link":"https:\/\/toptecbenelux.com\/fr\/achat-robots-equipement\/","title":{"rendered":"Achat de robots et d\u2019\u00e9quipement"},"content":{"rendered":"<p>TopTec Benelux est toujours int\u00e9ress\u00e9 par l\u2019achat d\u2019\u00e9quipement ou de robots d\u2019occasion.<\/p>\n<p>Pour plus d\u2019informations, envoyez un e-mail \u00e0 <a href=\"mailto:koen.stuer@toptecbenelux.com\">koen.stuer@toptecbenelux.com<\/a><\/p>\n","protected":false},"excerpt":{"rendered":"<p>TopTec Benelux est toujours int\u00e9ress\u00e9 par l\u2019achat d\u2019\u00e9quipement ou de robots d\u2019occasion. Pour plus d\u2019informations, envoyez un e-mail \u00e0 koen.stuer@toptecbenelux.com<\/p>\n","protected":false},"author":6647,"featured_media":0,"parent":0,"menu_order":0,"comment_status":"open","ping_status":"open","template":"full-width.php","meta":[],"_links":{"self":[{"href":"https:\/\/toptecbenelux.com\/fr\/wp-json\/wp\/v2\/pages\/242"}],"collection":[{"href":"https:\/\/toptecbenelux.com\/fr\/wp-json\/wp\/v2\/pages"}],"about":[{"href":"https:\/\/toptecbenelux.com\/fr\/wp-json\/wp\/v2\/types\/page"}],"author":[{"embeddable":true,"href":"https:\/\/toptecbenelux.com\/fr\/wp-json\/wp\/v2\/users\/6647"}],"replies":[{"embeddable":true,"href":"https:\/\/toptecbenelux.com\/fr\/wp-json\/wp\/v2\/comments?post=242"}],"version-history":[{"count":1,"href":"https:\/\/toptecbenelux.com\/fr\/wp-json\/wp\/v2\/pages\/242\/revisions"}],"predecessor-version":[{"id":243,"href":"https:\/\/toptecbenelux.com\/fr\/wp-json\/wp\/v2\/pages\/242\/revisions\/243"}],"wp:attachment":[{"href":"https:\/\/toptecbenelux.com\/fr\/wp-json\/wp\/v2\/media?parent=242"}],"curies":[{"name":"wp","href":"https:\/\/api.w.org\/{rel}","templated":true}]}}