{"id":246,"date":"2014-02-10T21:56:44","date_gmt":"2014-02-10T20:56:44","guid":{"rendered":"http:\/\/toptecbenelux.com\/?page_id=246"},"modified":"2014-02-10T21:56:44","modified_gmt":"2014-02-10T20:56:44","slug":"construction-demolition","status":"publish","type":"page","link":"https:\/\/toptecbenelux.com\/fr\/construction-demolition\/","title":{"rendered":"Construction"},"content":{"rendered":"<div class=\"fusion-two-third two_third fusion-layout-column fusion-column spacing-yes\"><div class=\"fusion-column-wrapper\">Nos machines ont un rendement beaucoup plus \u00e9lev\u00e9 que les mat\u00e9riaux de d\u00e9molition traditionnels tels que les marteaux pneumatiques, mat\u00e9riaux de forage et de coupe  en raison de sa forte productivit\u00e9.<\/p>\n<p>Quand nos machines sont \u00e9quip\u00e9es d\u2019une cisaille hydraulique, on peut travailler dans le silence de 9 \u00e0 5. Cela avec beaucoup moins de poussi\u00e8re et de vibrations que les autres outils.<\/div><\/div><div class=\"fusion-one-third one_third fusion-layout-column fusion-column last spacing-yes\"><div class=\"fusion-column-wrapper\"><img loading=\"lazy\" src=\"http:\/\/toptecbenelux.com\/wp-content\/uploads\/2013\/08\/100_0258-768x1024.jpg\" alt=\"100_0258\" width=\"768\" height=\"1024\" class=\"alignright size-large wp-image-204\" srcset=\"https:\/\/toptecbenelux.com\/wp-content\/uploads\/2013\/08\/100_0258-768x1024.jpg 768w, https:\/\/toptecbenelux.com\/wp-content\/uploads\/2013\/08\/100_0258-225x300.jpg 225w\" sizes=\"(max-width: 768px) 100vw, 768px\" \/><\/div><\/div><div class=\"fusion-clearfix\"><\/div>\n","protected":false},"excerpt":{"rendered":"","protected":false},"author":6647,"featured_media":0,"parent":0,"menu_order":0,"comment_status":"closed","ping_status":"open","template":"full-width.php","meta":[],"_links":{"self":[{"href":"https:\/\/toptecbenelux.com\/fr\/wp-json\/wp\/v2\/pages\/246"}],"collection":[{"href":"https:\/\/toptecbenelux.com\/fr\/wp-json\/wp\/v2\/pages"}],"about":[{"href":"https:\/\/toptecbenelux.com\/fr\/wp-json\/wp\/v2\/types\/page"}],"author":[{"embeddable":true,"href":"https:\/\/toptecbenelux.com\/fr\/wp-json\/wp\/v2\/users\/6647"}],"replies":[{"embeddable":true,"href":"https:\/\/toptecbenelux.com\/fr\/wp-json\/wp\/v2\/comments?post=246"}],"version-history":[{"count":1,"href":"https:\/\/toptecbenelux.com\/fr\/wp-json\/wp\/v2\/pages\/246\/revisions"}],"predecessor-version":[{"id":247,"href":"https:\/\/toptecbenelux.com\/fr\/wp-json\/wp\/v2\/pages\/246\/revisions\/247"}],"wp:attachment":[{"href":"https:\/\/toptecbenelux.com\/fr\/wp-json\/wp\/v2\/media?parent=246"}],"curies":[{"name":"wp","href":"https:\/\/api.w.org\/{rel}","templated":true}]}}