{"id":250,"date":"2014-02-10T21:59:23","date_gmt":"2014-02-10T20:59:23","guid":{"rendered":"http:\/\/toptecbenelux.com\/?page_id=250"},"modified":"2014-02-10T21:59:23","modified_gmt":"2014-02-10T20:59:23","slug":"industrie-ciment","status":"publish","type":"page","link":"https:\/\/toptecbenelux.com\/fr\/industrie-ciment\/","title":{"rendered":"Industrie du ciment"},"content":{"rendered":"<div class=\"fusion-two-third two_third fusion-layout-column fusion-column spacing-yes\"><div class=\"fusion-column-wrapper\">Au cours de la r\u00e9paration des fours rotatifs chaque minute compte. Nos machines peuvent directement commencer le d\u00e9mant\u00e8lement de ces fours rotatif sans devoir attendre le refroidissement. Nos robots de d\u00e9molition garantissent un plus grande s\u00e9curit\u00e9 \u00e0 cause de la distance de l\u2019op\u00e9rateur jusqu\u2019\u00e0 la partie d\u00e9molissable. Cela se traduit dans un gain de temps maximum et une meilleure s\u00e9curit\u00e9.<\/div><\/div><div class=\"fusion-one-third one_third fusion-layout-column fusion-column last spacing-yes\"><div class=\"fusion-column-wrapper\"><img loading=\"lazy\" src=\"http:\/\/toptecbenelux.com\/wp-content\/uploads\/2013\/08\/SAM_1940-768x1024.jpg\" alt=\"TopTec 1850 Cement\" width=\"768\" height=\"1024\" class=\"alignright size-large wp-image-211\" srcset=\"https:\/\/toptecbenelux.com\/wp-content\/uploads\/2013\/08\/SAM_1940-768x1024.jpg 768w, https:\/\/toptecbenelux.com\/wp-content\/uploads\/2013\/08\/SAM_1940-225x300.jpg 225w\" sizes=\"(max-width: 768px) 100vw, 768px\" \/><\/div><\/div><div class=\"fusion-clearfix\"><\/div>\n","protected":false},"excerpt":{"rendered":"","protected":false},"author":6647,"featured_media":0,"parent":0,"menu_order":0,"comment_status":"closed","ping_status":"open","template":"full-width.php","meta":[],"_links":{"self":[{"href":"https:\/\/toptecbenelux.com\/fr\/wp-json\/wp\/v2\/pages\/250"}],"collection":[{"href":"https:\/\/toptecbenelux.com\/fr\/wp-json\/wp\/v2\/pages"}],"about":[{"href":"https:\/\/toptecbenelux.com\/fr\/wp-json\/wp\/v2\/types\/page"}],"author":[{"embeddable":true,"href":"https:\/\/toptecbenelux.com\/fr\/wp-json\/wp\/v2\/users\/6647"}],"replies":[{"embeddable":true,"href":"https:\/\/toptecbenelux.com\/fr\/wp-json\/wp\/v2\/comments?post=250"}],"version-history":[{"count":1,"href":"https:\/\/toptecbenelux.com\/fr\/wp-json\/wp\/v2\/pages\/250\/revisions"}],"predecessor-version":[{"id":251,"href":"https:\/\/toptecbenelux.com\/fr\/wp-json\/wp\/v2\/pages\/250\/revisions\/251"}],"wp:attachment":[{"href":"https:\/\/toptecbenelux.com\/fr\/wp-json\/wp\/v2\/media?parent=250"}],"curies":[{"name":"wp","href":"https:\/\/api.w.org\/{rel}","templated":true}]}}