{"id":254,"date":"2014-02-10T22:01:58","date_gmt":"2014-02-10T21:01:58","guid":{"rendered":"http:\/\/toptecbenelux.com\/?page_id=254"},"modified":"2014-02-10T22:01:58","modified_gmt":"2014-02-10T21:01:58","slug":"demonstration-toptec","status":"publish","type":"page","link":"https:\/\/toptecbenelux.com\/fr\/demonstration-toptec\/","title":{"rendered":"D\u00e9monstration"},"content":{"rendered":"<p>Pour plus de d\u00e9tails concernant une d\u00e9monstration vous pouvez nous contacter par t\u00e9l\u00e9phone +32 (0) 473 20 83 25 ou <a href=\"mailto:koen.stuer@toptecbenelux.com\">koen.stuer@toptecbenelux.com<\/a><\/p>\n","protected":false},"excerpt":{"rendered":"<p>Pour plus de d\u00e9tails concernant une d\u00e9monstration vous pouvez nous contacter par t\u00e9l\u00e9phone +32 (0) 473 20 83 25 ou koen.stuer@toptecbenelux.com<\/p>\n","protected":false},"author":6647,"featured_media":0,"parent":0,"menu_order":0,"comment_status":"open","ping_status":"open","template":"full-width.php","meta":[],"_links":{"self":[{"href":"https:\/\/toptecbenelux.com\/fr\/wp-json\/wp\/v2\/pages\/254"}],"collection":[{"href":"https:\/\/toptecbenelux.com\/fr\/wp-json\/wp\/v2\/pages"}],"about":[{"href":"https:\/\/toptecbenelux.com\/fr\/wp-json\/wp\/v2\/types\/page"}],"author":[{"embeddable":true,"href":"https:\/\/toptecbenelux.com\/fr\/wp-json\/wp\/v2\/users\/6647"}],"replies":[{"embeddable":true,"href":"https:\/\/toptecbenelux.com\/fr\/wp-json\/wp\/v2\/comments?post=254"}],"version-history":[{"count":1,"href":"https:\/\/toptecbenelux.com\/fr\/wp-json\/wp\/v2\/pages\/254\/revisions"}],"predecessor-version":[{"id":255,"href":"https:\/\/toptecbenelux.com\/fr\/wp-json\/wp\/v2\/pages\/254\/revisions\/255"}],"wp:attachment":[{"href":"https:\/\/toptecbenelux.com\/fr\/wp-json\/wp\/v2\/media?parent=254"}],"curies":[{"name":"wp","href":"https:\/\/api.w.org\/{rel}","templated":true}]}}