{"id":258,"date":"2014-02-16T19:41:03","date_gmt":"2014-02-16T18:41:03","guid":{"rendered":"http:\/\/toptecbenelux.com\/?page_id=258"},"modified":"2014-02-16T19:41:03","modified_gmt":"2014-02-16T18:41:03","slug":"industrie-nucleaire","status":"publish","type":"page","link":"https:\/\/toptecbenelux.com\/fr\/industrie-nucleaire\/","title":{"rendered":"Industrie nucl\u00e9aire"},"content":{"rendered":"<div class=\"fusion-one-half one_half fusion-layout-column fusion-column spacing-yes\"><div class=\"fusion-column-wrapper\">Comme on le sait, dans des installations nucl\u00e9aires, on peut trouver des endroits qui sont tr\u00e8s nocifs pour les humains. Afin de prot\u00e9ger ceux-ci nos robots de d\u00e9molition se mettent en action. Ils sont sp\u00e9cialement con\u00e7us pour fonctionner dans le b\u00e2timent, la d\u00e9molition ou la gestion de d\u00e9chets sans n\u00e9cessit\u00e9 d\u2019intervention humaine. Gr\u00e2ce \u00e0 notre savoir-faire, fonctions autonomes et fiabilit\u00e9 ultra, m\u00eame les t\u00e2ches les plus difficiles auront une bonne fin et surtout le personnel ne sera jamais en danger. <\/div><\/div><div class=\"fusion-one-half one_half fusion-layout-column fusion-column last spacing-yes\"><div class=\"fusion-column-wrapper\"><img loading=\"lazy\" class=\"alignright size-full wp-image-176\" alt=\"TopTec-5500-nuclear\" src=\"http:\/\/toptecbenelux.com\/wp-content\/uploads\/2013\/09\/TopTec-5500-EMSM3-nuclear.png\" width=\"500\" height=\"385\" \/><\/div><\/div><div class=\"fusion-clearfix\"><\/div>\n","protected":false},"excerpt":{"rendered":"","protected":false},"author":6647,"featured_media":0,"parent":0,"menu_order":0,"comment_status":"closed","ping_status":"open","template":"full-width.php","meta":[],"_links":{"self":[{"href":"https:\/\/toptecbenelux.com\/fr\/wp-json\/wp\/v2\/pages\/258"}],"collection":[{"href":"https:\/\/toptecbenelux.com\/fr\/wp-json\/wp\/v2\/pages"}],"about":[{"href":"https:\/\/toptecbenelux.com\/fr\/wp-json\/wp\/v2\/types\/page"}],"author":[{"embeddable":true,"href":"https:\/\/toptecbenelux.com\/fr\/wp-json\/wp\/v2\/users\/6647"}],"replies":[{"embeddable":true,"href":"https:\/\/toptecbenelux.com\/fr\/wp-json\/wp\/v2\/comments?post=258"}],"version-history":[{"count":1,"href":"https:\/\/toptecbenelux.com\/fr\/wp-json\/wp\/v2\/pages\/258\/revisions"}],"predecessor-version":[{"id":259,"href":"https:\/\/toptecbenelux.com\/fr\/wp-json\/wp\/v2\/pages\/258\/revisions\/259"}],"wp:attachment":[{"href":"https:\/\/toptecbenelux.com\/fr\/wp-json\/wp\/v2\/media?parent=258"}],"curies":[{"name":"wp","href":"https:\/\/api.w.org\/{rel}","templated":true}]}}