{"id":264,"date":"2014-02-16T19:46:47","date_gmt":"2014-02-16T18:46:47","guid":{"rendered":"http:\/\/toptecbenelux.com\/?page_id=264"},"modified":"2014-02-16T19:46:47","modified_gmt":"2014-02-16T18:46:47","slug":"service-entretien-reparations","status":"publish","type":"page","link":"https:\/\/toptecbenelux.com\/fr\/service-entretien-reparations\/","title":{"rendered":"Service d\u2019entretien &#038; r\u00e9parations"},"content":{"rendered":"<p>Un bon entretien \u00e0 temps peut consid\u00e9rablement prolonger la dur\u00e9e de vie de la machine. Les conditions de garantie sont similaires aux dispositions de garantie d\u2019usine et sont faites par des sp\u00e9cialistes de TopTec Benelux. Cette garantie de qualit\u00e9 fait en sorte que le client peut travailler avec la machine en toute confiance.<\/p>\n<p>Evidemment TopTec Benelux offre un excellent service apr\u00e8s-vente. Ces r\u00e9parations peuvent \u00eatre r\u00e9alis\u00e9es dans notre atelier pr\u00e8s d\u2019Anvers ou chez le client. Gr\u00e2ce \u00e0 l\u2019utilisation de pi\u00e8ces d\u00e9tach\u00e9es connues dans les robots TopTec nous pouvons faire des r\u00e9paration en un temps record. <\/p>\n","protected":false},"excerpt":{"rendered":"<p>Un bon entretien \u00e0 temps peut consid\u00e9rablement prolonger la dur\u00e9e de vie de la machine. Les conditions de garantie sont similaires aux dispositions de garantie d\u2019usine et sont faites par des sp\u00e9cialistes de TopTec Benelux. Cette garantie de qualit\u00e9 fait en sorte que le client peut travailler avec la machine en toute confiance. Evidemment TopTec Benelux offre un excellent service apr\u00e8s-vente. Ces r\u00e9parations peuvent \u00eatre r\u00e9alis\u00e9es dans notre atelier pr\u00e8s d\u2019Anvers ou chez le client. Gr\u00e2ce \u00e0 l\u2019utilisation de pi\u00e8ces d\u00e9tach\u00e9es connues dans les robots TopTec nous pouvons faire des r\u00e9paration en un temps record.<\/p>\n","protected":false},"author":6647,"featured_media":0,"parent":0,"menu_order":0,"comment_status":"open","ping_status":"open","template":"full-width.php","meta":[],"_links":{"self":[{"href":"https:\/\/toptecbenelux.com\/fr\/wp-json\/wp\/v2\/pages\/264"}],"collection":[{"href":"https:\/\/toptecbenelux.com\/fr\/wp-json\/wp\/v2\/pages"}],"about":[{"href":"https:\/\/toptecbenelux.com\/fr\/wp-json\/wp\/v2\/types\/page"}],"author":[{"embeddable":true,"href":"https:\/\/toptecbenelux.com\/fr\/wp-json\/wp\/v2\/users\/6647"}],"replies":[{"embeddable":true,"href":"https:\/\/toptecbenelux.com\/fr\/wp-json\/wp\/v2\/comments?post=264"}],"version-history":[{"count":1,"href":"https:\/\/toptecbenelux.com\/fr\/wp-json\/wp\/v2\/pages\/264\/revisions"}],"predecessor-version":[{"id":265,"href":"https:\/\/toptecbenelux.com\/fr\/wp-json\/wp\/v2\/pages\/264\/revisions\/265"}],"wp:attachment":[{"href":"https:\/\/toptecbenelux.com\/fr\/wp-json\/wp\/v2\/media?parent=264"}],"curies":[{"name":"wp","href":"https:\/\/api.w.org\/{rel}","templated":true}]}}