{"id":270,"date":"2014-02-16T19:51:31","date_gmt":"2014-02-16T18:51:31","guid":{"rendered":"http:\/\/toptecbenelux.com\/?page_id=270"},"modified":"2014-02-16T19:51:31","modified_gmt":"2014-02-16T18:51:31","slug":"industrie-process","status":"publish","type":"page","link":"https:\/\/toptecbenelux.com\/fr\/industrie-process\/","title":{"rendered":"Industrie de process"},"content":{"rendered":"<div class=\"fusion-one-half one_half fusion-layout-column fusion-column spacing-yes\"><div class=\"fusion-column-wrapper\">Gr\u00e2ce \u00e0 l\u2019intervention de nos robots de d\u00e9molition, le temps de r\u00e9paration des installations de process peut consid\u00e9rablement \u00eatre raccourcie. <\/p>\n<p>Gr\u00e2ce \u00e0 la pr\u00e9cision, la d\u00e9termination de la fr\u00e9quence  et la possibilit\u00e9 de r\u00e9gler la puissance du marteau hydraulique le rev\u00eatement peut \u00eatre  enlev\u00e9 avec une pr\u00e9cision d\u2019un joaillier. Cette approche permet d\u2019\u00e9conomiser en temps et en mat\u00e9riaux, d\u2019augmenter la rentabilit\u00e9 de l\u2019entreprise et une am\u00e9lioration de la s\u00e9curit\u00e9.<\/div><\/div><div class=\"fusion-one-half one_half fusion-layout-column fusion-column last spacing-yes\"><div class=\"fusion-column-wrapper\"><style type=\"text\/css\">.imageframe-1 img{border:20px solid #efefef;}<\/style><span style=\"margin-left:25px;float:right;\" class=\"fusion-imageframe imageframe imageframe-bottomshadow imageframe-1 element-bottomshadow\"><img loading=\"lazy\" class=\"img-responsive alignright size-large wp-image-193\" alt=\"TopTec dans la industrie de process\" src=\"http:\/\/toptecbenelux.com\/wp-content\/uploads\/2013\/08\/SAM_0889-1024x768.jpg\" width=\"1000\" height=\"750\" srcset=\"https:\/\/toptecbenelux.com\/wp-content\/uploads\/2013\/08\/SAM_0889-1024x768.jpg 1024w, https:\/\/toptecbenelux.com\/wp-content\/uploads\/2013\/08\/SAM_0889-300x225.jpg 300w\" sizes=\"(max-width: 1000px) 100vw, 1000px\" \/><\/span><\/div><\/div><div class=\"fusion-clearfix\"><\/div>\n","protected":false},"excerpt":{"rendered":"","protected":false},"author":6647,"featured_media":0,"parent":0,"menu_order":0,"comment_status":"closed","ping_status":"open","template":"full-width.php","meta":[],"_links":{"self":[{"href":"https:\/\/toptecbenelux.com\/fr\/wp-json\/wp\/v2\/pages\/270"}],"collection":[{"href":"https:\/\/toptecbenelux.com\/fr\/wp-json\/wp\/v2\/pages"}],"about":[{"href":"https:\/\/toptecbenelux.com\/fr\/wp-json\/wp\/v2\/types\/page"}],"author":[{"embeddable":true,"href":"https:\/\/toptecbenelux.com\/fr\/wp-json\/wp\/v2\/users\/6647"}],"replies":[{"embeddable":true,"href":"https:\/\/toptecbenelux.com\/fr\/wp-json\/wp\/v2\/comments?post=270"}],"version-history":[{"count":1,"href":"https:\/\/toptecbenelux.com\/fr\/wp-json\/wp\/v2\/pages\/270\/revisions"}],"predecessor-version":[{"id":271,"href":"https:\/\/toptecbenelux.com\/fr\/wp-json\/wp\/v2\/pages\/270\/revisions\/271"}],"wp:attachment":[{"href":"https:\/\/toptecbenelux.com\/fr\/wp-json\/wp\/v2\/media?parent=270"}],"curies":[{"name":"wp","href":"https:\/\/api.w.org\/{rel}","templated":true}]}}