{"id":274,"date":"2014-02-16T19:54:11","date_gmt":"2014-02-16T18:54:11","guid":{"rendered":"http:\/\/toptecbenelux.com\/?page_id=274"},"modified":"2014-02-16T19:54:11","modified_gmt":"2014-02-16T18:54:11","slug":"tunnels-souterrain","status":"publish","type":"page","link":"https:\/\/toptecbenelux.com\/fr\/tunnels-souterrain\/","title":{"rendered":"Tunnels &#038; souterrain"},"content":{"rendered":"<div class=\"fusion-one-half one_half fusion-layout-column fusion-column spacing-yes\"><div class=\"fusion-column-wrapper\">Par sa petite taille, le maque de gaz d\u2019\u00e9chappement et son niveau de bruit minime, les robots TopTec sont souvent utilis\u00e9s pour des travaux souterrain. L\u2019utilisateur s\u00e9lectionne le flux de travail parfait et peut travailler de fa\u00e7on s\u00fbre et confortable.<\/div><\/div><div class=\"fusion-one-half one_half fusion-layout-column fusion-column last spacing-yes\"><div class=\"fusion-column-wrapper\"><style type=\"text\/css\">.imageframe-1 img{border:20px solid #efefef;}<\/style><span style=\"margin-left:25px;float:right;\" class=\"fusion-imageframe imageframe imageframe-bottomshadow imageframe-1 element-bottomshadow\"><img loading=\"lazy\" src=\"http:\/\/toptecbenelux.com\/wp-content\/uploads\/2013\/08\/100_0655-1024x768.jpg\" alt=\"TopTec Tunnel Brussels\" width=\"1000\" height=\"750\" class=\"img-responsive alignright size-large wp-image-207\" srcset=\"https:\/\/toptecbenelux.com\/wp-content\/uploads\/2013\/08\/100_0655-1024x768.jpg 1024w, https:\/\/toptecbenelux.com\/wp-content\/uploads\/2013\/08\/100_0655-300x225.jpg 300w\" sizes=\"(max-width: 1000px) 100vw, 1000px\" \/><\/span><\/div><\/div><div class=\"fusion-clearfix\"><\/div>\n","protected":false},"excerpt":{"rendered":"","protected":false},"author":6647,"featured_media":0,"parent":0,"menu_order":0,"comment_status":"closed","ping_status":"open","template":"full-width.php","meta":[],"_links":{"self":[{"href":"https:\/\/toptecbenelux.com\/fr\/wp-json\/wp\/v2\/pages\/274"}],"collection":[{"href":"https:\/\/toptecbenelux.com\/fr\/wp-json\/wp\/v2\/pages"}],"about":[{"href":"https:\/\/toptecbenelux.com\/fr\/wp-json\/wp\/v2\/types\/page"}],"author":[{"embeddable":true,"href":"https:\/\/toptecbenelux.com\/fr\/wp-json\/wp\/v2\/users\/6647"}],"replies":[{"embeddable":true,"href":"https:\/\/toptecbenelux.com\/fr\/wp-json\/wp\/v2\/comments?post=274"}],"version-history":[{"count":1,"href":"https:\/\/toptecbenelux.com\/fr\/wp-json\/wp\/v2\/pages\/274\/revisions"}],"predecessor-version":[{"id":275,"href":"https:\/\/toptecbenelux.com\/fr\/wp-json\/wp\/v2\/pages\/274\/revisions\/275"}],"wp:attachment":[{"href":"https:\/\/toptecbenelux.com\/fr\/wp-json\/wp\/v2\/media?parent=274"}],"curies":[{"name":"wp","href":"https:\/\/api.w.org\/{rel}","templated":true}]}}