{"id":280,"date":"2014-02-16T20:01:32","date_gmt":"2014-02-16T19:01:32","guid":{"rendered":"http:\/\/toptecbenelux.com\/?page_id=280"},"modified":"2014-02-16T20:01:32","modified_gmt":"2014-02-16T19:01:32","slug":"toptec-1850","status":"publish","type":"page","link":"https:\/\/toptecbenelux.com\/fr\/toptec-1850\/","title":{"rendered":"TopTec 1850 E"},"content":{"rendered":"<div class=\"fusion-title title\"><h2 class=\"title-heading-left\">TopTec 1850 E<\/h2><div class=\"title-sep-container\"><div class=\"title-sep sep-double\"><\/div><\/div><\/div>\n<div class=\"fusion-two-third two_third fusion-layout-column fusion-column spacing-yes\"><div class=\"fusion-column-wrapper\">Le TopTec 1850 E est le plus petit robot dans la gamme TopTec.  Avec ses dimensions compactes, cette machine peut effectuer le travail en toute s\u00e9curit\u00e9 dans les endroits les plus improbables. La machine peut \u00eatre conduite par contr\u00f4le radio ou par c\u00e2ble. Le 1850 est \u00e9quip\u00e9 de deux lames de support utile qui servent \u00e0 pousser les d\u00e9bris. Ces deux lames de support peuvent \u00eatre r\u00e9duite de sorte que la machine puisse passer \u00e0 une porte de 80 cm. La construction des bras, cylindres, axes est \u00e0 tous les \u00e9gards plus forte que la concurrence. Et est disponible avec des bras centraux r\u00e9duits man\u0153uvrable dans des petites espace. La machine est construite avec des composants connus et facilement disponibles.<\/div><\/div><div class=\"fusion-one-third one_third fusion-layout-column fusion-column last spacing-yes\"><div class=\"fusion-column-wrapper\">\n<style type=\"text\/css\">.imageframe-1 img{border:10px solid #ffffff;}<\/style><span style=\"margin-left:25px;float:right;\" class=\"fusion-imageframe imageframe imageframe-bottomshadow imageframe-1 element-bottomshadow\"><a href=\"http:\/\/toptecbenelux.com\/wp-content\/uploads\/2013\/08\/toptec-1850.jpg\"><img loading=\"lazy\" src=\"http:\/\/toptecbenelux.com\/wp-content\/uploads\/2013\/08\/toptec-1850-300x300.jpg\" alt=\"TopTec 1850\" width=\"276\" height=\"276\" class=\"img-responsive\" \/><\/a><\/span>\n<\/div><\/div><div class=\"fusion-clearfix\"><\/div>\n","protected":false},"excerpt":{"rendered":"","protected":false},"author":6647,"featured_media":0,"parent":0,"menu_order":0,"comment_status":"open","ping_status":"open","template":"side-navigation.php","meta":[],"_links":{"self":[{"href":"https:\/\/toptecbenelux.com\/fr\/wp-json\/wp\/v2\/pages\/280"}],"collection":[{"href":"https:\/\/toptecbenelux.com\/fr\/wp-json\/wp\/v2\/pages"}],"about":[{"href":"https:\/\/toptecbenelux.com\/fr\/wp-json\/wp\/v2\/types\/page"}],"author":[{"embeddable":true,"href":"https:\/\/toptecbenelux.com\/fr\/wp-json\/wp\/v2\/users\/6647"}],"replies":[{"embeddable":true,"href":"https:\/\/toptecbenelux.com\/fr\/wp-json\/wp\/v2\/comments?post=280"}],"version-history":[{"count":1,"href":"https:\/\/toptecbenelux.com\/fr\/wp-json\/wp\/v2\/pages\/280\/revisions"}],"predecessor-version":[{"id":281,"href":"https:\/\/toptecbenelux.com\/fr\/wp-json\/wp\/v2\/pages\/280\/revisions\/281"}],"wp:attachment":[{"href":"https:\/\/toptecbenelux.com\/fr\/wp-json\/wp\/v2\/media?parent=280"}],"curies":[{"name":"wp","href":"https:\/\/api.w.org\/{rel}","templated":true}]}}