{"id":351,"date":"2014-02-16T20:51:21","date_gmt":"2014-02-16T19:51:21","guid":{"rendered":"http:\/\/toptecbenelux.com\/?page_id=351"},"modified":"2014-02-16T20:52:49","modified_gmt":"2014-02-16T19:52:49","slug":"coupe-boulons","status":"publish","type":"page","link":"https:\/\/toptecbenelux.com\/fr\/toptec-1850\/pieces-jointes\/coupe-boulons\/","title":{"rendered":"Coupe-boulons"},"content":{"rendered":"<div class=\"fusion-title title\"><h3 class=\"title-heading-left\">Coupe-boulon NPK S 3XC<\/h3><div class=\"title-sep-container\"><div class=\"title-sep sep-double\"><\/div><\/div><\/div>\n<p align=\"center\"><div class=\"imageframe-align-center\"><style type=\"text\/css\">.imageframe-1 img{border:30px solid #ffffff;}.imageframe-1.imageframe-dropshadow img{\n\t\t\t\t-moz-box-shadow: 2px 3px 7px rgba(51,51,51,.3);\n\t\t\t\t-webkit-box-shadow: 2px 3px 7px rgba(51,51,51,.3);\n\t\t\t\tbox-shadow: 2px 3px 7px rgba(51,51,51,.3);\n\t\t\t}<\/style><span class=\"fusion-imageframe imageframe imageframe-dropshadow imageframe-1\"><a href=\"http:\/\/toptecbenelux.com\/wp-content\/uploads\/2013\/08\/Betonschaar-NPK-S-3XC.png\"><img loading=\"lazy\" class=\"img-responsive aligncenter size-full wp-image-4148\" alt=\"Coupe-boulon NPK S 3XC\" src=\"http:\/\/toptecbenelux.com\/wp-content\/uploads\/2013\/08\/Betonschaar-NPK-S-3XC.png\" width=\"295\" height=\"251\" \/><\/a><\/span><\/div>\n<p align=\"center\">\n<div class=\"table-1\">\n<table width=\"100%\">\n<tbody>\n<tr>\n<td>Poids<\/td>\n<td>275 kg<\/td>\n<\/tr>\n<tr>\n<td>Pression de travail<\/td>\n<td>210 bar<\/td>\n<\/tr>\n<tr>\n<td>D\u00e9bit d\u2019huile<\/td>\n<td>30-50 ltr<\/td>\n<\/tr>\n<\/tbody>\n<\/table>\n<\/div>\n<p>&nbsp;<\/p>\n<p>Syst\u00e8me de surpression int\u00e9gr\u00e9 NPK Powerbooster<\/p>\n","protected":false},"excerpt":{"rendered":"<p>Poids 275 kg Pression de travail 210 bar D\u00e9bit d\u2019huile 30-50 ltr &nbsp; Syst\u00e8me de surpression int\u00e9gr\u00e9 NPK Powerbooster<\/p>\n","protected":false},"author":6647,"featured_media":0,"parent":342,"menu_order":1,"comment_status":"open","ping_status":"open","template":"side-navigation.php","meta":[],"_links":{"self":[{"href":"https:\/\/toptecbenelux.com\/fr\/wp-json\/wp\/v2\/pages\/351"}],"collection":[{"href":"https:\/\/toptecbenelux.com\/fr\/wp-json\/wp\/v2\/pages"}],"about":[{"href":"https:\/\/toptecbenelux.com\/fr\/wp-json\/wp\/v2\/types\/page"}],"author":[{"embeddable":true,"href":"https:\/\/toptecbenelux.com\/fr\/wp-json\/wp\/v2\/users\/6647"}],"replies":[{"embeddable":true,"href":"https:\/\/toptecbenelux.com\/fr\/wp-json\/wp\/v2\/comments?post=351"}],"version-history":[{"count":2,"href":"https:\/\/toptecbenelux.com\/fr\/wp-json\/wp\/v2\/pages\/351\/revisions"}],"predecessor-version":[{"id":353,"href":"https:\/\/toptecbenelux.com\/fr\/wp-json\/wp\/v2\/pages\/351\/revisions\/353"}],"up":[{"embeddable":true,"href":"https:\/\/toptecbenelux.com\/fr\/wp-json\/wp\/v2\/pages\/342"}],"wp:attachment":[{"href":"https:\/\/toptecbenelux.com\/fr\/wp-json\/wp\/v2\/media?parent=351"}],"curies":[{"name":"wp","href":"https:\/\/api.w.org\/{rel}","templated":true}]}}