{"id":358,"date":"2014-02-16T20:56:28","date_gmt":"2014-02-16T19:56:28","guid":{"rendered":"http:\/\/toptecbenelux.com\/?page_id=358"},"modified":"2014-02-16T20:56:28","modified_gmt":"2014-02-16T19:56:28","slug":"toptec-2500-destruction","status":"publish","type":"page","link":"https:\/\/toptecbenelux.com\/fr\/toptec-2500-destruction\/","title":{"rendered":"TopTec 2500"},"content":{"rendered":"<div class=\"fusion-title title\"><h2 class=\"title-heading-left\">TopTec 2500<\/h2><div class=\"title-sep-container\"><div class=\"title-sep sep-double\"><\/div><\/div><\/div>\n<div class=\"fusion-two-third two_third fusion-layout-column fusion-column spacing-yes\"><div class=\"fusion-column-wrapper\">Le TopTec 2500 est un mod\u00e8le avanc\u00e9 de TopTec 1850. Ce robot est fr\u00e9quemment utilis\u00e9 pour effectuer des travaux sur une surface in\u00e9gale. Cette machine est \u00e9quip\u00e9e de quatre pieds r\u00e9tractables. Ce robot est \u00e9galement utilis\u00e9 pour travailler dans des endroits avec acc\u00e8s ou place limit\u00e9e. Comme la 1850, cette machine est \u00e9galement disponible avec des chenilles en acier, flexibles r\u00e9sistant \u00e0 la chaleur, lubrification de marteau automatique, allonger\/raccourcir le syst\u00e8me de fl\u00e8che. La machine est construite avec des composants connus et facilement disponibles.<\/div><\/div><div class=\"fusion-one-third one_third fusion-layout-column fusion-column last spacing-yes\"><div class=\"fusion-column-wrapper\">\n<style type=\"text\/css\">.imageframe-1 img{border:10px solid #ffffff;}<\/style><span style=\"margin-left:25px;float:right;\" class=\"fusion-imageframe imageframe imageframe-bottomshadow imageframe-1 element-bottomshadow\"><img loading=\"lazy\" src=\"http:\/\/toptecbenelux.com\/wp-content\/uploads\/2013\/08\/2500.png\" alt=\"TopTec 2500\" width=\"258\" height=\"258\" class=\"img-responsive aligncenter size-full wp-image-4169\" \/><\/span>\n<\/div><\/div><div class=\"fusion-clearfix\"><\/div>\n","protected":false},"excerpt":{"rendered":"","protected":false},"author":6647,"featured_media":0,"parent":0,"menu_order":0,"comment_status":"open","ping_status":"open","template":"side-navigation.php","meta":[],"_links":{"self":[{"href":"https:\/\/toptecbenelux.com\/fr\/wp-json\/wp\/v2\/pages\/358"}],"collection":[{"href":"https:\/\/toptecbenelux.com\/fr\/wp-json\/wp\/v2\/pages"}],"about":[{"href":"https:\/\/toptecbenelux.com\/fr\/wp-json\/wp\/v2\/types\/page"}],"author":[{"embeddable":true,"href":"https:\/\/toptecbenelux.com\/fr\/wp-json\/wp\/v2\/users\/6647"}],"replies":[{"embeddable":true,"href":"https:\/\/toptecbenelux.com\/fr\/wp-json\/wp\/v2\/comments?post=358"}],"version-history":[{"count":1,"href":"https:\/\/toptecbenelux.com\/fr\/wp-json\/wp\/v2\/pages\/358\/revisions"}],"predecessor-version":[{"id":359,"href":"https:\/\/toptecbenelux.com\/fr\/wp-json\/wp\/v2\/pages\/358\/revisions\/359"}],"wp:attachment":[{"href":"https:\/\/toptecbenelux.com\/fr\/wp-json\/wp\/v2\/media?parent=358"}],"curies":[{"name":"wp","href":"https:\/\/api.w.org\/{rel}","templated":true}]}}