{"id":370,"date":"2014-02-16T21:04:56","date_gmt":"2014-02-16T20:04:56","guid":{"rendered":"http:\/\/toptecbenelux.com\/?page_id=370"},"modified":"2014-02-16T21:04:56","modified_gmt":"2014-02-16T20:04:56","slug":"toptec-4500-robot","status":"publish","type":"page","link":"https:\/\/toptecbenelux.com\/fr\/toptec-4500-robot\/","title":{"rendered":"TopTec 4500"},"content":{"rendered":"<div class=\"fusion-title title\"><h2 class=\"title-heading-left\">TopTec 4500<\/h2><div class=\"title-sep-container\"><div class=\"title-sep sep-double\"><\/div><\/div><\/div>\n<div class=\"fusion-two-third two_third fusion-layout-column fusion-column spacing-yes\"><div class=\"fusion-column-wrapper\">Le TopTec 4500 est con\u00e7u pour une utilisation dans des fours rotatifs et sur terrain accident\u00e9. Par la suspension \u00e0 court, garde au sol \u00e9lev\u00e9e et chenilles standard de fer (avec patins en caoutchouc comme possibilit\u00e9) il est possible d\u2019aller hors-piste avec cette machine. <\/p>\n<p>Le TopTec 4500 est disponible en version \u00e9lectrique ou diesel. La machine dispose de quatre pieds de support individuels qui peuvent se d\u00e9placer trois fois horizontalement. Cela garantit que la machine a une stabilit\u00e9 exceptionnelle. La machine travaille avec des attachements jusqu\u2019\u00e0 800 kg. Les manipulateurs sur le syst\u00e8me de vanne assurent que la machine peut \u00eatre d\u00e9plac\u00e9e manuellement.<\/div><\/div><div class=\"fusion-one-third one_third fusion-layout-column fusion-column last spacing-yes\"><div class=\"fusion-column-wrapper\">\n<style type=\"text\/css\">.imageframe-1 img{border:10px solid #ffffff;}<\/style><span style=\"margin-left:25px;float:right;\" class=\"fusion-imageframe imageframe imageframe-bottomshadow imageframe-1 element-bottomshadow\"><img loading=\"lazy\" src=\"http:\/\/toptecbenelux.com\/wp-content\/uploads\/2013\/08\/4500.jpg\" alt=\"TopTec 4500\" width=\"400\" height=\"400\" class=\"img-responsive aligncenter size-full wp-image-4195\" \/><\/span>\n<\/div><\/div><div class=\"fusion-clearfix\"><\/div>\n","protected":false},"excerpt":{"rendered":"","protected":false},"author":6647,"featured_media":0,"parent":0,"menu_order":0,"comment_status":"open","ping_status":"open","template":"side-navigation.php","meta":[],"_links":{"self":[{"href":"https:\/\/toptecbenelux.com\/fr\/wp-json\/wp\/v2\/pages\/370"}],"collection":[{"href":"https:\/\/toptecbenelux.com\/fr\/wp-json\/wp\/v2\/pages"}],"about":[{"href":"https:\/\/toptecbenelux.com\/fr\/wp-json\/wp\/v2\/types\/page"}],"author":[{"embeddable":true,"href":"https:\/\/toptecbenelux.com\/fr\/wp-json\/wp\/v2\/users\/6647"}],"replies":[{"embeddable":true,"href":"https:\/\/toptecbenelux.com\/fr\/wp-json\/wp\/v2\/comments?post=370"}],"version-history":[{"count":1,"href":"https:\/\/toptecbenelux.com\/fr\/wp-json\/wp\/v2\/pages\/370\/revisions"}],"predecessor-version":[{"id":371,"href":"https:\/\/toptecbenelux.com\/fr\/wp-json\/wp\/v2\/pages\/370\/revisions\/371"}],"wp:attachment":[{"href":"https:\/\/toptecbenelux.com\/fr\/wp-json\/wp\/v2\/media?parent=370"}],"curies":[{"name":"wp","href":"https:\/\/api.w.org\/{rel}","templated":true}]}}