{"id":382,"date":"2014-02-16T21:12:20","date_gmt":"2014-02-16T20:12:20","guid":{"rendered":"http:\/\/toptecbenelux.com\/?page_id=382"},"modified":"2014-02-16T21:12:20","modified_gmt":"2014-02-16T20:12:20","slug":"toptec-5500-machine","status":"publish","type":"page","link":"https:\/\/toptecbenelux.com\/fr\/toptec-5500-machine\/","title":{"rendered":"TopTec 5500"},"content":{"rendered":"<div class=\"fusion-title title\"><h2 class=\"title-heading-left\">TopTec 5500<\/h2><div class=\"title-sep-container\"><div class=\"title-sep sep-double\"><\/div><\/div><\/div>\n<div class=\"fusion-two-third two_third fusion-layout-column fusion-column spacing-yes\"><div class=\"fusion-column-wrapper\">Le TopTec 5500 est le robot le plus puissant du monde dans sa cat\u00e9gorie. Cette machine est con\u00e7ue pour application  dans des travaux de d\u00e9molition les plus exigeants. Le bras standard a une port\u00e9e de jusqu\u2019\u00e0 7 m\u00e8tres. Le 5500 est comme le 4500 disponible en version \u00e9lectrique ou diesel. On trouve \u00e9galement les quatre pieds de soutien individuelle sur le 5500. Le 5500 peut soulever des poids jusqu\u2019\u00e0 1280 kg !! Le 5500 est \u00e9galement facilement d\u00e9montable afin de placer la machine de mani\u00e8re compacte dans l\u2019atelier.<\/div><\/div><div class=\"fusion-one-third one_third fusion-layout-column fusion-column last spacing-yes\"><div class=\"fusion-column-wrapper\">\n<style type=\"text\/css\">.imageframe-1 img{border:10px solid #ffffff;}<\/style><span style=\"margin-left:25px;float:right;\" class=\"fusion-imageframe imageframe imageframe-bottomshadow imageframe-1 element-bottomshadow\"><img loading=\"lazy\" src=\"http:\/\/toptecbenelux.com\/wp-content\/uploads\/2013\/08\/5500.jpg\" alt=\"TopTec 5500\" width=\"400\" height=\"400\" class=\"img-responsive aligncenter size-full wp-image-4195\" \/><\/span>\n<\/div><\/div><div class=\"fusion-clearfix\"><\/div>\n","protected":false},"excerpt":{"rendered":"","protected":false},"author":6647,"featured_media":0,"parent":0,"menu_order":0,"comment_status":"open","ping_status":"open","template":"side-navigation.php","meta":[],"_links":{"self":[{"href":"https:\/\/toptecbenelux.com\/fr\/wp-json\/wp\/v2\/pages\/382"}],"collection":[{"href":"https:\/\/toptecbenelux.com\/fr\/wp-json\/wp\/v2\/pages"}],"about":[{"href":"https:\/\/toptecbenelux.com\/fr\/wp-json\/wp\/v2\/types\/page"}],"author":[{"embeddable":true,"href":"https:\/\/toptecbenelux.com\/fr\/wp-json\/wp\/v2\/users\/6647"}],"replies":[{"embeddable":true,"href":"https:\/\/toptecbenelux.com\/fr\/wp-json\/wp\/v2\/comments?post=382"}],"version-history":[{"count":1,"href":"https:\/\/toptecbenelux.com\/fr\/wp-json\/wp\/v2\/pages\/382\/revisions"}],"predecessor-version":[{"id":383,"href":"https:\/\/toptecbenelux.com\/fr\/wp-json\/wp\/v2\/pages\/382\/revisions\/383"}],"wp:attachment":[{"href":"https:\/\/toptecbenelux.com\/fr\/wp-json\/wp\/v2\/media?parent=382"}],"curies":[{"name":"wp","href":"https:\/\/api.w.org\/{rel}","templated":true}]}}