{"id":397,"date":"2014-02-16T21:21:07","date_gmt":"2014-02-16T20:21:07","guid":{"rendered":"http:\/\/toptecbenelux.com\/?page_id=397"},"modified":"2014-02-16T21:21:07","modified_gmt":"2014-02-16T20:21:07","slug":"location-de-robots-ou-dequipements","status":"publish","type":"page","link":"https:\/\/toptecbenelux.com\/fr\/location-de-robots-ou-dequipements\/","title":{"rendered":"Location de robots ou d\u2019\u00e9quipements"},"content":{"rendered":"<div class=\"fusion-three-fourth three_fourth fusion-layout-column fusion-column spacing-yes\"><div class=\"fusion-column-wrapper\">TopTec Benelux coop\u00e8re avec la soci\u00e9t\u00e9 AMG qui a un tr\u00e8s vaste parc de robots avec des accessoires. Ces robots peuvent \u00eatre lou\u00e9s avec un op\u00e9rateur form\u00e9 et qualifi\u00e9. Entre autre la construction tunnel Leophat sous le quartier europ\u00e9en, la r\u00e9novation de l\u2019a\u00e9roport de Zaventem et divers travaux dans l\u2019industrie de process et du ciment ont connu une bonne fin gr\u00e2ce \u00e0 ceux-ci.<\/p>\n<p>Pour plus de d\u00e9tails et de conditions vous pouvez nous contacter par t\u00e9l\u00e9phone: +32 (0) 473 20 83 25 ou <a href=\"mailto:koen.stuer@toptecbenelux.com\">koen.stuer@toptecbenelux.com<\/a><\/div><\/div><div class=\"fusion-one-fourth one_fourth fusion-layout-column fusion-column last spacing-yes\"><div class=\"fusion-column-wrapper\"><a href=\"http:\/\/www.amgbvba.be\/\"><img loading=\"lazy\" src=\"http:\/\/toptecbenelux.com\/wp-content\/uploads\/2013\/08\/amg-logo.jpg\" alt=\"amg logo\" width=\"100\" height=\"83\" class=\"aligncenter size-full wp-image-217\" \/><\/a><\/div><\/div><div class=\"fusion-clearfix\"><\/div>\n","protected":false},"excerpt":{"rendered":"","protected":false},"author":6647,"featured_media":0,"parent":0,"menu_order":0,"comment_status":"open","ping_status":"open","template":"full-width.php","meta":[],"_links":{"self":[{"href":"https:\/\/toptecbenelux.com\/fr\/wp-json\/wp\/v2\/pages\/397"}],"collection":[{"href":"https:\/\/toptecbenelux.com\/fr\/wp-json\/wp\/v2\/pages"}],"about":[{"href":"https:\/\/toptecbenelux.com\/fr\/wp-json\/wp\/v2\/types\/page"}],"author":[{"embeddable":true,"href":"https:\/\/toptecbenelux.com\/fr\/wp-json\/wp\/v2\/users\/6647"}],"replies":[{"embeddable":true,"href":"https:\/\/toptecbenelux.com\/fr\/wp-json\/wp\/v2\/comments?post=397"}],"version-history":[{"count":1,"href":"https:\/\/toptecbenelux.com\/fr\/wp-json\/wp\/v2\/pages\/397\/revisions"}],"predecessor-version":[{"id":398,"href":"https:\/\/toptecbenelux.com\/fr\/wp-json\/wp\/v2\/pages\/397\/revisions\/398"}],"wp:attachment":[{"href":"https:\/\/toptecbenelux.com\/fr\/wp-json\/wp\/v2\/media?parent=397"}],"curies":[{"name":"wp","href":"https:\/\/api.w.org\/{rel}","templated":true}]}}