{"id":451,"date":"2014-03-07T12:05:51","date_gmt":"2014-03-07T11:05:51","guid":{"rendered":"http:\/\/toptecbenelux.com\/?page_id=451"},"modified":"2014-03-07T12:11:31","modified_gmt":"2014-03-07T11:11:31","slug":"acceuil","status":"publish","type":"page","link":"https:\/\/toptecbenelux.com\/fr\/","title":{"rendered":"Acceuil"},"content":{"rendered":"<div class=\"fusion-content-boxes content-boxes columns fusion-columns-3 fusion-content-boxes-1 content-boxes-icon-boxed row content-\">\n<div class=\"fusion-column content-box-column content-box-column-1 col-lg-4 col-md-4 col-sm-4\"><div class=\"col content-wrapper-background content-wrapper-boxed\" style=\"background-color:#C9CED4;\"><div class=\"heading heading-with-icon icon-large\"><div class=\"icon\"><i style=\"border-color:#333333;background-color:#ffffff;color:#333333;\" class=\"fa fontawesome-icon fa-wrench circle-yes large\"><\/i><\/div><h2 class=\"content-box-heading\">Solutions sp\u00e9ciales<\/h2><\/div><div class=\"fusion-clearfix\"><\/div><div class=\"content-container icon-large\">A part du location et Vente de notre machines standard, TopTec Benelux est capable pour fabriquer des machines adapt\u00e9es au d\u00e9sir du client.<\/p>\n<p>Cette flexibilit\u00e9 et adaptations sont tr\u00e8s important pour les industrie nucl\u00e9aire ou on doit suivre des r\u00e9glementation tr\u00e8s stricte.<\/div><\/div><\/div>\n<div class=\"fusion-column content-box-column content-box-column-2 col-lg-4 col-md-4 col-sm-4\"><div class=\"col content-wrapper-background content-wrapper-boxed\" style=\"background-color:#C9CED4;\"><div class=\"heading heading-with-icon icon-large\"><div class=\"icon\"><i style=\"border-color:#333333;background-color:#ffffff;color:#333333;\" class=\"fa fontawesome-icon fa-chain-broken circle-yes large\"><\/i><\/div><h2 class=\"content-box-heading\">D\u00e9molition et d\u00e9mant\u00e8lement<\/h2><\/div><div class=\"fusion-clearfix\"><\/div><div class=\"content-container icon-large\">TopTec Benelux travaille ensemble avec AMG BVBA:  des professionnels qui ont une machinerie compl\u00e8te pour mener des travaux tr\u00e8s complex a bonne fin.<\/p>\n<p>AMG BVBA est, a part du savoir-faire reconnu, connu pour travailler 24\/7.  Et aussi la possibilit\u00e9 pour encore envoyer une \u00e9quipe le m\u00eame jour en cas d\u2019une panne. Plus d\u2019info peut-on trouver sur <a title=\"A.M.G. BVBA\" href=\"http:\/\/www.amgbvba.be\/\" target=\"_blank\">le site web d&#8217;A.M.G. bvba<\/a><\/div><\/div><\/div>\n<div class=\"fusion-column content-box-column content-box-column-3 col-lg-4 col-md-4 col-sm-4\"><div class=\"col content-wrapper-background content-wrapper-boxed\" style=\"background-color:#C9CED4;\"><div class=\"heading heading-with-icon icon-large\"><div class=\"icon\"><i style=\"border-color:#333333;background-color:#ffffff;color:#333333;\" class=\"fa fontawesome-icon fa-info circle-yes large\"><\/i><\/div><h2 class=\"content-box-heading\">Centre de formation<\/h2><\/div><div class=\"fusion-clearfix\"><\/div><div class=\"content-container icon-large\">Dans notre magasin \u00e0 Kemzeke on peut donner des cours au op\u00e9rateurs ou personnel technique.  C\u2019est aussi toujours possible pour faire les cours chez le client.  <\/p>\n<p>Le cours technique sp\u00e9cifique toutes les parts les machines et aussi les actions pour faire l\u2019entretien n\u00e9cessaire.  Comme \u00e7a on peut gagner beaucoup de temps et de l\u2019argent. <\/p>\n<p>Le cours des op\u00e9rateurs on apprends toutes les mouvements de la machine et radiocommande avec des conseils sp\u00e9cifique pour travailler dans l\u2019environnement du client.<br \/>\n<\/div><\/div><\/div><div class=\"fusion-clearfix\"><\/div><div class=\"fusion-clearfix\"><\/div><\/div>\n","protected":false},"excerpt":{"rendered":"","protected":false},"author":6647,"featured_media":0,"parent":0,"menu_order":0,"comment_status":"open","ping_status":"open","template":"full-width.php","meta":[],"_links":{"self":[{"href":"https:\/\/toptecbenelux.com\/fr\/wp-json\/wp\/v2\/pages\/451"}],"collection":[{"href":"https:\/\/toptecbenelux.com\/fr\/wp-json\/wp\/v2\/pages"}],"about":[{"href":"https:\/\/toptecbenelux.com\/fr\/wp-json\/wp\/v2\/types\/page"}],"author":[{"embeddable":true,"href":"https:\/\/toptecbenelux.com\/fr\/wp-json\/wp\/v2\/users\/6647"}],"replies":[{"embeddable":true,"href":"https:\/\/toptecbenelux.com\/fr\/wp-json\/wp\/v2\/comments?post=451"}],"version-history":[{"count":1,"href":"https:\/\/toptecbenelux.com\/fr\/wp-json\/wp\/v2\/pages\/451\/revisions"}],"predecessor-version":[{"id":452,"href":"https:\/\/toptecbenelux.com\/fr\/wp-json\/wp\/v2\/pages\/451\/revisions\/452"}],"wp:attachment":[{"href":"https:\/\/toptecbenelux.com\/fr\/wp-json\/wp\/v2\/media?parent=451"}],"curies":[{"name":"wp","href":"https:\/\/api.w.org\/{rel}","templated":true}]}}