{"id":459,"date":"2014-03-07T12:15:35","date_gmt":"2014-03-07T11:15:35","guid":{"rendered":"http:\/\/toptecbenelux.com\/?page_id=459"},"modified":"2014-03-07T12:15:35","modified_gmt":"2014-03-07T11:15:35","slug":"vente-des-robots-et-accessoires","status":"publish","type":"page","link":"https:\/\/toptecbenelux.com\/fr\/vente-des-robots-et-accessoires\/","title":{"rendered":"Vente des robots et accessoires"},"content":{"rendered":"<div class=\"fusion-one-half one_half fusion-layout-column fusion-column spacing-yes\"><div class=\"fusion-column-wrapper\"><div class=\"fusion-title title\"><h2 class=\"title-heading-left\">Des robots<\/h2><div class=\"title-sep-container\"><div class=\"title-sep sep-double\"><\/div><\/div><\/div>\n<p>On peut obtenir tous nos produits. Quand vous voulez plus d\u2019info concern\u00e9 des prix ou possibilit\u00e9s. Ou quand on veut des d\u00e9monstrations. Prenez contact par t\u00e9l\u00e9phone (+32) 0 473 20 83 25 ou\u00a0<a href=\"mailto:koen.stuer@toptecbenelux.com\">koen.stuer@toptecbenelux.com<\/a><\/p>\n<p>&nbsp;<\/p>\n<div class=\"fusion-title title\"><h2 class=\"title-heading-left\">Des accessoires<\/h2><div class=\"title-sep-container\"><div class=\"title-sep sep-double\"><\/div><\/div><\/div>\n<p>L\u2019usage des parts originales peut garantir la qualit\u00e9 et efficacit\u00e9 de la machine.  TopTec Benelux peut d\u00e9livrer toutes les parts des TopTec Robots autant ceux des mat\u00e9riaux hydraulique.<\/p>\n<p>Nous d\u00e9livrer notamment des parts d\u2019Atlas Copco, NPK, Kubota, des godets et des pointes de chaque longueur, etc.<\/div><\/div><div class=\"fusion-one-half one_half fusion-layout-column fusion-column last spacing-yes\"><div class=\"fusion-column-wrapper\"><img loading=\"lazy\" class=\"aligncenter size-full wp-image-4256\" alt=\"TopTec 4500\" src=\"http:\/\/toptecbenelux.com\/wp-content\/uploads\/2013\/08\/4500-white.jpg\" width=\"560\" height=\"400\" \/><\/div><\/div><div class=\"fusion-clearfix\"><\/div>\n","protected":false},"excerpt":{"rendered":"","protected":false},"author":6647,"featured_media":0,"parent":0,"menu_order":0,"comment_status":"open","ping_status":"open","template":"full-width.php","meta":[],"_links":{"self":[{"href":"https:\/\/toptecbenelux.com\/fr\/wp-json\/wp\/v2\/pages\/459"}],"collection":[{"href":"https:\/\/toptecbenelux.com\/fr\/wp-json\/wp\/v2\/pages"}],"about":[{"href":"https:\/\/toptecbenelux.com\/fr\/wp-json\/wp\/v2\/types\/page"}],"author":[{"embeddable":true,"href":"https:\/\/toptecbenelux.com\/fr\/wp-json\/wp\/v2\/users\/6647"}],"replies":[{"embeddable":true,"href":"https:\/\/toptecbenelux.com\/fr\/wp-json\/wp\/v2\/comments?post=459"}],"version-history":[{"count":1,"href":"https:\/\/toptecbenelux.com\/fr\/wp-json\/wp\/v2\/pages\/459\/revisions"}],"predecessor-version":[{"id":460,"href":"https:\/\/toptecbenelux.com\/fr\/wp-json\/wp\/v2\/pages\/459\/revisions\/460"}],"wp:attachment":[{"href":"https:\/\/toptecbenelux.com\/fr\/wp-json\/wp\/v2\/media?parent=459"}],"curies":[{"name":"wp","href":"https:\/\/api.w.org\/{rel}","templated":true}]}}