{"id":461,"date":"2014-03-07T12:19:09","date_gmt":"2014-03-07T11:19:09","guid":{"rendered":"http:\/\/toptecbenelux.com\/?page_id=461"},"modified":"2014-03-07T12:29:38","modified_gmt":"2014-03-07T11:29:38","slug":"a-propos-toptec","status":"publish","type":"page","link":"https:\/\/toptecbenelux.com\/fr\/a-propos-toptec\/","title":{"rendered":"\u00c0 propos"},"content":{"rendered":"<div class=\"fusion-two-third two_third fusion-layout-column fusion-column spacing-yes\"><div class=\"fusion-column-wrapper\">\n<div class=\"fusion-title title\"><h2 class=\"title-heading-left\">\u00c0 propos TopTec Benelux<\/h2><div class=\"title-sep-container\"><div class=\"title-sep sep-double\"><\/div><\/div><\/div>\nTopTec Benelux vend des robots de d\u00e9molition TopTec, ainsi que toutes les pi\u00e8ces pour ces machines. En outre nous sommes sp\u00e9cialis\u00e9s dans l\u2019entretien et les r\u00e9parations et nous offrons une formation sur mesure pour votre entreprise. N\u2019h\u00e9sitez pas pour nous contacter quand pour plus d\u2019info ou d\u00e9mos sur notre machines.<\/p>\n<p>Apr\u00e8s d\u2019ann\u00e9es avec des robots de d\u00e9molition command\u00e9es, Koen Stuer a pris l\u2019opportunit\u00e9 pour devenir le premier agent officiel des TopTecs au Benelux, parce qu\u2019il est convaincu des de la capacit\u00e9 des machines et la valeur ajout\u00e9e par rapport \u00e0 la concurrence.<br \/>\n<\/div><\/div>\n<div class=\"fusion-one-third one_third fusion-layout-column fusion-column last spacing-yes\"><div class=\"fusion-column-wrapper\">\n<div class=\"fusion-title title\"><h2 class=\"title-heading-left\">Coordonn\u00e9es<\/h2><div class=\"title-sep-container\"><div class=\"title-sep sep-double\"><\/div><\/div><\/div>\n<iframe src=\"https:\/\/maps.google.com\/maps?f=q&amp;source=s_q&amp;hl=en&amp;geocode=&amp;q=Kleine+Dauwstraat+9,+Stekene,+Belgium&amp;aq=0&amp;oq=kleine+dauwstraar+9&amp;sll=37.0625,-95.677068&amp;sspn=40.188298,79.013672&amp;t=m&amp;ie=UTF8&amp;hq=&amp;hnear=Kleine+Dauwstraat+9,+Kemzeke+9190+Stekene,+Oost-Vlaanderen,+Vlaams+Gewest,+Belgium&amp;ll=51.20341,4.067037&amp;spn=0.003892,0.009645&amp;z=14&amp;output=embed\" height=\"150\" width=\"288\" frameborder=\"0\" marginwidth=\"0\" marginheight=\"0\" scrolling=\"no\"><\/iframe><\/p>\n<h4>Kleine Dauwstraat 9, 9190 Kemze, Belgique<\/h4>\n<p>T\u00e9l.: +32 (0) 473 20 83 25<br \/>\nWeb: <a href=\"http:\/\/www.toptecbenelux.com\">www.toptecbenelux.com<\/a><br \/>\n<\/div><\/div><div class=\"fusion-clearfix\"><\/div>\n","protected":false},"excerpt":{"rendered":"","protected":false},"author":6647,"featured_media":0,"parent":0,"menu_order":0,"comment_status":"closed","ping_status":"open","template":"full-width.php","meta":[],"_links":{"self":[{"href":"https:\/\/toptecbenelux.com\/fr\/wp-json\/wp\/v2\/pages\/461"}],"collection":[{"href":"https:\/\/toptecbenelux.com\/fr\/wp-json\/wp\/v2\/pages"}],"about":[{"href":"https:\/\/toptecbenelux.com\/fr\/wp-json\/wp\/v2\/types\/page"}],"author":[{"embeddable":true,"href":"https:\/\/toptecbenelux.com\/fr\/wp-json\/wp\/v2\/users\/6647"}],"replies":[{"embeddable":true,"href":"https:\/\/toptecbenelux.com\/fr\/wp-json\/wp\/v2\/comments?post=461"}],"version-history":[{"count":5,"href":"https:\/\/toptecbenelux.com\/fr\/wp-json\/wp\/v2\/pages\/461\/revisions"}],"predecessor-version":[{"id":470,"href":"https:\/\/toptecbenelux.com\/fr\/wp-json\/wp\/v2\/pages\/461\/revisions\/470"}],"wp:attachment":[{"href":"https:\/\/toptecbenelux.com\/fr\/wp-json\/wp\/v2\/media?parent=461"}],"curies":[{"name":"wp","href":"https:\/\/api.w.org\/{rel}","templated":true}]}}